{"id":69,"date":"2016-02-10T16:36:55","date_gmt":"2016-02-10T15:36:55","guid":{"rendered":"http:\/\/www.legambientevda.it\/?page_id=69"},"modified":"2016-04-05T10:25:52","modified_gmt":"2016-04-05T08:25:52","slug":"acqua","status":"publish","type":"page","link":"https:\/\/www.legambientevda.it\/index.php\/acqua\/","title":{"rendered":"Acqua"},"content":{"rendered":"<ul>\n<li><a href=\"http:\/\/www.legambientevda.it\/index.php\/2016\/03\/18\/i-furbetti-dellidroelettrico-non-restino-impuniti\/\" target=\"_blank\">I furbetti dell&#8217;idroelettrico non restino impuniti<\/a><\/li>\n<li><a href=\"http:\/\/www.legambientevda.it\/index.php\/2016\/03\/02\/acque-valdostane-il-danno-e-la-beffa\/\" target=\"_blank\">Acque Valdostane: il danno e la beffa<\/a><\/li>\n<li><a href=\"http:\/\/www.legambientevda.it\/index.php\/2016\/02\/08\/gressoney-la-trinite-centrale-idroelettrica-di-cortlys-e-piano-regolatore\/\" target=\"_blank\">Gressoney-La-Trinit\u00e8\u2019 : centrale idroelettrica di Cortlys e piano regolatore<\/a><\/li>\n<li><a href=\"http:\/\/www.legambientevda.it\/public\/PdfNotizie\/Richiesta%20informazioni%20centralina%20sequestrata.pdf\" target=\"_blank\">Centrale idroelettrica \u00a0sotto sequestro a La Thuile<\/a><\/li>\n<li><a href=\"http:\/\/www.gazzettamatin.com\/sezione.php?sez=2&amp;art=9658\" target=\"_blank\">Idroelettrico: \u00a0la Procura indaga<\/a><\/li>\n<li><a href=\"http:\/\/www.legambientevda.it\/Public\/PdfNotizie\/lastampa_ao_20140413_043.pdf\" target=\"_blank\">La centrale in Dora non \u00e8 decisa<\/a><\/li>\n<li><a href=\"http:\/\/www.legambientevda.it\/Public\/PdfNotizie\/c.s.%20centralina%20betendaz%20-%20oyace.pdf\" target=\"_blank\">Centralina di Betendaz. Dov&#8217;\u00e8 la pubblica utilit\u00e0?<\/a><\/li>\n<li><a href=\"http:\/\/www.legambientevda.it\/public\/PdfNotizie\/20130830_segnalazione_doues.pdf\" target=\"_blank\"><span class=\"TitoloNotizia2006\">Impianto idroelettrico Ru di Mont a Dialley (Doues)<\/span><\/a><\/li>\n<li><span class=\"TitoloNotizia2006\"><a href=\"http:\/\/www.legambientevda.it\/Public\/PdfNotizie\/20130801_lettera_argini.pdf\" target=\"_blank\">Bisogna rispettare gli argini dei fiumi<\/a><\/span><\/li>\n<li><a href=\"http:\/\/www.legambientevda.it\/Public\/PdfNotizie\/20130713_lastampa.pdf\" target=\"_blank\"><span class=\"TitoloNotizia2006\">Boom idroelettrico. In Valle 228 centrali. &#8221;Ma adesso basta<\/span><\/a><\/li>\n<li><a href=\"http:\/\/www.legambientevda.it\/Public\/PdfNotizie\/20130710_conferenza.pdf\" target=\"_blank\"><span class=\"TitoloNotizia2006\">Proliferazione di impianti idroelettrici.<\/span><\/a><\/li>\n<li><a href=\"http:\/\/www.legambientevda.it\/Public\/PdfNotizie\/conclusioni_convegno_ripensare_idroelettrico.pdf\" target=\"_blank\"><span class=\"TitoloNotizia2006\">Ripensare l&#8217;idroelettrico<\/span><\/a><\/li>\n<li><span class=\"TitoloNotizia2006\"><a href=\"http:\/\/www.legambientevda.it\/Public\/PdfNotizie\/Legambiente_richiesta_moratoria.pdf\" target=\"_blank\">Moratoria centrali idroelettriche<\/a><\/span><\/li>\n<\/ul>\n","protected":false},"excerpt":{"rendered":"<p>I furbetti dell&#8217;idroelettrico non restino impuniti Acque Valdostane: il danno e la beffa Gressoney-La-Trinit\u00e8\u2019 : centrale idroelettrica di Cortlys e piano regolatore Centrale idroelettrica \u00a0sotto sequestro a La Thuile Idroelettrico: \u00a0la Procura indaga La centrale in Dora non \u00e8 decisa Centralina di Betendaz. Dov&#8217;\u00e8 la pubblica utilit\u00e0? Impianto idroelettrico Ru di Mont a Dialley (Doues) &hellip; <a href=\"https:\/\/www.legambientevda.it\/index.php\/acqua\/\" class=\"more-link\">Continua la lettura di <span class=\"screen-reader-text\">Acqua<\/span> <span class=\"meta-nav\">&rarr;<\/span><\/a><\/p>\n","protected":false},"author":1,"featured_media":0,"parent":0,"menu_order":0,"comment_status":"closed","ping_status":"closed","template":"","meta":{"jetpack_post_was_ever_published":false,"footnotes":""},"jetpack_sharing_enabled":true,"jetpack_shortlink":"https:\/\/wp.me\/P76AmJ-17","jetpack-related-posts":[{"id":222,"url":"https:\/\/www.legambientevda.it\/index.php\/chavonne\/","url_meta":{"origin":69,"position":0},"title":"Chavonne","author":"adminvda","date":"5 Aprile 2016","format":false,"excerpt":"La CVA rinuncia al progetto di Chavonne. Opposizione di AIW al progetto Chavonne Presentazione CVA","rel":"","context":"Articolo simile","block_context":{"text":"Articolo simile","link":""},"img":{"alt_text":"","src":"","width":0,"height":0},"classes":[]},{"id":184,"url":"https:\/\/www.legambientevda.it\/index.php\/aree-protette\/","url_meta":{"origin":69,"position":1},"title":"Aree Protette","author":"adminvda","date":"5 Aprile 2016","format":false,"excerpt":"Marais, l'area protetta perde i pezzi I SIC diventano ZSC Parco Nazionale dello Stelvio Le zone umide da salvaguardare Les Iles, un esempio di progetti sbagliati Biodiversit\u00e0, la tutela passa dalla conoscenza Scempio continuo spacciato per difesa Biodiversit\u00e0 a rischio 2012 Biodiversit\u00e0 \u00a0a rischio 2011","rel":"","context":"Articolo simile","block_context":{"text":"Articolo simile","link":""},"img":{"alt_text":"","src":"","width":0,"height":0},"classes":[]}],"jetpack_likes_enabled":true,"_links":{"self":[{"href":"https:\/\/www.legambientevda.it\/index.php\/wp-json\/wp\/v2\/pages\/69"}],"collection":[{"href":"https:\/\/www.legambientevda.it\/index.php\/wp-json\/wp\/v2\/pages"}],"about":[{"href":"https:\/\/www.legambientevda.it\/index.php\/wp-json\/wp\/v2\/types\/page"}],"author":[{"embeddable":true,"href":"https:\/\/www.legambientevda.it\/index.php\/wp-json\/wp\/v2\/users\/1"}],"replies":[{"embeddable":true,"href":"https:\/\/www.legambientevda.it\/index.php\/wp-json\/wp\/v2\/comments?post=69"}],"version-history":[{"count":3,"href":"https:\/\/www.legambientevda.it\/index.php\/wp-json\/wp\/v2\/pages\/69\/revisions"}],"predecessor-version":[{"id":161,"href":"https:\/\/www.legambientevda.it\/index.php\/wp-json\/wp\/v2\/pages\/69\/revisions\/161"}],"wp:attachment":[{"href":"https:\/\/www.legambientevda.it\/index.php\/wp-json\/wp\/v2\/media?parent=69"}],"curies":[{"name":"wp","href":"https:\/\/api.w.org\/{rel}","templated":true}]}}